{"id":3676,"date":"2024-07-05T11:24:20","date_gmt":"2024-07-05T09:24:20","guid":{"rendered":"https:\/\/9phases.com\/kapiel-w-lesnym-mchu\/"},"modified":"2025-05-26T14:25:01","modified_gmt":"2025-05-26T12:25:01","slug":"kapiel-w-lesnym-mchu","status":"publish","type":"product","link":"https:\/\/9phases.com\/pl\/kapiel-w-lesnym-mchu\/","title":{"rendered":"S\u00d3L DO K\u0104PIELI FOREST MOSS"},"content":{"rendered":"<p>S\u00d3L DO K\u0104PIELI FOREST MOSS<\/p>\n<p>Wyrusz w zmys\u0142ow\u0105 podr\u00f3\u017c do koj\u0105cego lasu.<\/p>\n<p>Sole bogate w minera\u0142y, paczuli, mech, koj\u0105cy eukaliptus i zielony agat mszysty od PALM OF FERONIA detoksykuj\u0105 sk\u00f3r\u0119, \u0142agodz\u0105 zm\u0119czenie mi\u0119\u015bni i przywracaj\u0105 niezb\u0119dny spok\u00f3j i harmoni\u0119.<br \/>\nZ tej k\u0105pieli wyjdziesz od\u015bwie\u017cona i gotowa na nowe.<\/p>\n<p>SK\u0141AD \u00b7 s\u00f3l morska z Izraela, s\u00f3l Epsom z Niemiec, olej kokosowy z Indonezji, olej witaminowy E (pochodz\u0105cy z zarodk\u00f3w pszenicy) z Wielkiej Brytanii, organiczny olejek eukaliptusowy z Australii, organiczny olejek paczuli z Sri Lanki, organiczny olejek tymiankowy z Hiszpanii, organiczny olejek cedrowy z Maroka, organiczny olejek sza\u0142wii muszkato\u0142owej z Francji i Albanii.<\/p>\n","protected":false},"excerpt":{"rendered":"<h3>Wyj\u0105tkowa mieszanka soli, olejk\u00f3w i kryszta\u0142\u00f3w, kt\u00f3ra uziemia, odpr\u0119\u017ca i przygotowuje Ci\u0119 na otwarcie si\u0119 na nowe.<\/h3>\n<p>100% naturalnych sk\u0142adnik\u00f3w.<\/p>\n<p>Bez sztucznych zapach\u00f3w i dodatk\u00f3w.<\/p>\n<p>ROZMIAR \u00b7 300g lub 600g<\/p>\n","protected":false},"featured_media":4245,"comment_status":"open","ping_status":"closed","template":"","meta":[],"product_brand":[],"product_cat":[143],"product_tag":[141],"class_list":{"0":"post-3676","1":"product","2":"type-product","3":"status-publish","4":"has-post-thumbnail","6":"product_cat-uroda-produkty","7":"product_tag-palma-of-feronia-pl","9":"first","10":"instock","11":"taxable","12":"shipping-taxable","13":"purchasable","14":"product-type-variable"},"_links":{"self":[{"href":"https:\/\/9phases.com\/pl\/wp-json\/wp\/v2\/product\/3676","targetHints":{"allow":["GET"]}}],"collection":[{"href":"https:\/\/9phases.com\/pl\/wp-json\/wp\/v2\/product"}],"about":[{"href":"https:\/\/9phases.com\/pl\/wp-json\/wp\/v2\/types\/product"}],"replies":[{"embeddable":true,"href":"https:\/\/9phases.com\/pl\/wp-json\/wp\/v2\/comments?post=3676"}],"wp:featuredmedia":[{"embeddable":true,"href":"https:\/\/9phases.com\/pl\/wp-json\/wp\/v2\/media\/4245"}],"wp:attachment":[{"href":"https:\/\/9phases.com\/pl\/wp-json\/wp\/v2\/media?parent=3676"}],"wp:term":[{"taxonomy":"product_brand","embeddable":true,"href":"https:\/\/9phases.com\/pl\/wp-json\/wp\/v2\/product_brand?post=3676"},{"taxonomy":"product_cat","embeddable":true,"href":"https:\/\/9phases.com\/pl\/wp-json\/wp\/v2\/product_cat?post=3676"},{"taxonomy":"product_tag","embeddable":true,"href":"https:\/\/9phases.com\/pl\/wp-json\/wp\/v2\/product_tag?post=3676"}],"curies":[{"name":"wp","href":"https:\/\/api.w.org\/{rel}","templated":true}]}}