{"id":4503,"date":"2024-07-03T15:40:43","date_gmt":"2024-07-03T13:40:43","guid":{"rendered":"https:\/\/9phases.com\/uziemiajacy-eliksir-do-kapieli\/"},"modified":"2024-08-21T18:42:50","modified_gmt":"2024-08-21T16:42:50","slug":"uziemiajacy-eliksir-do-kapieli","status":"publish","type":"product","link":"https:\/\/9phases.com\/pl\/uziemiajacy-eliksir-do-kapieli\/","title":{"rendered":"UZIEMIAJ\u0104CY ELIKSIR DO K\u0104PIELI"},"content":{"rendered":"<p>UZIEMIAJ\u0104CY ELIKSIR DO K\u0104PIELI<\/p>\n<p>Olejki z\u00a0 baobabu i s\u0142odkich migda\u0142\u00f3w cenione by\u0142y ju\u017c\u00a0 w staro\u017cytnej medycynie chi\u0144skiej, ajurwedyjskiej i grecko-perskiej.<\/p>\n<p>Eliksir zawiera tak\u017ce ch\u0142odz\u0105cy i uspokajaj\u0105cy wetiwer, ziemisty cedr oraz podnosz\u0105c\u0105 na duchu pomara\u0144cz\u0119. Nawil\u017ca sk\u00f3r\u0119 i \u0142agodzi troski.<\/p>\n<p>Wzbogacony o Turmalin, Kwarc z Madery i \u017c\u00f3\u0142ty Jaspis, kt\u00f3re uziemiaj\u0105 i pomagaj\u0105 odzyska\u0107 si\u0142y witalne.<\/p>\n<p>Dodaj go do ciep\u0142ej k\u0105pieli i pozw\u00f3l, aby pom\u00f3g\u0142 Ci odzyska\u0107 si\u0142y.<\/p>\n<p>\u015awietnie komponuje si\u0119 z <a href=\"https:\/\/9phases.com\/amethyst-magnesium-bath-soak\/\">Sol\u0105 do K\u0105pieli z Ametystem i Magnezem<\/a>.<\/p>\n","protected":false},"excerpt":{"rendered":"<h3>Eliksir do k\u0105pieli<\/h3>\n<p>100% naturalnych sk\u0142adnik\u00f3w.<\/p>\n<p>Bez sztucznych zapach\u00f3w i dodatk\u00f3w.<\/p>\n<p>Zawiera kryszta\u0142y.<\/p>\n<p>SK\u0141ADNIKI \u00b7 Olej kokosowy z Indonezji, organiczny olej z baobabu z Republiki Po\u0142udniowej Afryki\/Ghany, organiczny olej ze s\u0142odkich migda\u0142\u00f3w z Hiszpanii, organiczny olej z pestek moreli z Hiszpanii, organiczny olej arganowy z Maroka, witamina E olej (z kie\u0142k\u00f3w pszenicy) z Wielkiej Brytanii, organiczny olejek z wetiweru Olejek ze Sri Lanki, Organiczny olejek z drzewa cedrowego z Maroka, Organiczny olejek eteryczny z pomara\u0144czy z Hiszpanii.<\/p>\n<p>ROZMIAR \u00b7 100 ml<\/p>\n","protected":false},"featured_media":4236,"comment_status":"open","ping_status":"closed","template":"","meta":[],"product_brand":[],"product_cat":[143],"product_tag":[141],"class_list":{"0":"post-4503","1":"product","2":"type-product","3":"status-publish","4":"has-post-thumbnail","6":"product_cat-uroda-produkty","7":"product_tag-palma-of-feronia-pl","9":"first","10":"instock","11":"taxable","12":"shipping-taxable","13":"purchasable","14":"product-type-simple"},"_links":{"self":[{"href":"https:\/\/9phases.com\/pl\/wp-json\/wp\/v2\/product\/4503","targetHints":{"allow":["GET"]}}],"collection":[{"href":"https:\/\/9phases.com\/pl\/wp-json\/wp\/v2\/product"}],"about":[{"href":"https:\/\/9phases.com\/pl\/wp-json\/wp\/v2\/types\/product"}],"replies":[{"embeddable":true,"href":"https:\/\/9phases.com\/pl\/wp-json\/wp\/v2\/comments?post=4503"}],"wp:featuredmedia":[{"embeddable":true,"href":"https:\/\/9phases.com\/pl\/wp-json\/wp\/v2\/media\/4236"}],"wp:attachment":[{"href":"https:\/\/9phases.com\/pl\/wp-json\/wp\/v2\/media?parent=4503"}],"wp:term":[{"taxonomy":"product_brand","embeddable":true,"href":"https:\/\/9phases.com\/pl\/wp-json\/wp\/v2\/product_brand?post=4503"},{"taxonomy":"product_cat","embeddable":true,"href":"https:\/\/9phases.com\/pl\/wp-json\/wp\/v2\/product_cat?post=4503"},{"taxonomy":"product_tag","embeddable":true,"href":"https:\/\/9phases.com\/pl\/wp-json\/wp\/v2\/product_tag?post=4503"}],"curies":[{"name":"wp","href":"https:\/\/api.w.org\/{rel}","templated":true}]}}