{"id":4504,"date":"2024-07-02T20:32:17","date_gmt":"2024-07-02T18:32:17","guid":{"rendered":"https:\/\/9phases.com\/ayurwedyjski-miedziany-czyscik-do-jezyka\/"},"modified":"2024-08-21T18:54:56","modified_gmt":"2024-08-21T16:54:56","slug":"ayurwedyjski-miedziany-czyscik-do-jezyka","status":"publish","type":"product","link":"https:\/\/9phases.com\/pl\/ayurwedyjski-miedziany-czyscik-do-jezyka\/","title":{"rendered":"AJURWEDYJSKI MIEDZIANY CZY\u015aCIK DO J\u0118ZYKA"},"content":{"rendered":"<p>ODKRYJ MOC AJURWEDY<\/p>\n<p>Usu\u0144 wczorajsze plotki i pozb\u0105d\u017a si\u0119 porannego oddechu za pomoc\u0105 miedzianego czy\u015bcika do j\u0119zyka od <a href=\"https:\/\/9phases.com\/tag-produktu\/cosmic-dealer\/\">COSMIC DEALER<\/a>.<\/p>\n<p>Ten jednominutowy rytua\u0142 oczyszczania j\u0119zyka dos\u0142ownie zmieni Twoje \u017cycie. My nie mo\u017cemy bez niego \u017cy\u0107 \u2013 dlaczego Ty by\u015b mia\u0142a?<\/p>\n<p>W ajurwedyjskich wierzeniach stan j\u0119zyka odzwierciedla spos\u00f3b funkcjonowania ca\u0142ego cia\u0142a, a jego z\u0142a kondycja mo\u017ce wskazywa\u0107 na zapalenie narz\u0105d\u00f3w, problemy z sercem, b\u00f3le g\u0142owy i mi\u0119\u015bni. Podczas gdy oczy s\u0105 oknem do duszy, j\u0119zyk jest sercem Twojego zdrowia.<\/p>\n<p>U\u017cywaj czy\u015bcika do j\u0119zyka ka\u017cdego ranka po przebudzeniu, aby usun\u0105\u0107 bakterie i toksyny, kt\u00f3re gromadz\u0105 si\u0119 na j\u0119zyku w trakcie nocy. Te osady s\u0105 odpowiedzialne za nieprzyjemny poranny oddech i uczucie ob\u0142o\u017conego j\u0119zyka. Poniewa\u017c wiele toksyn jest usuwanych w\u0142a\u015bnie przez j\u0119zyk, jego czyszczenie wspiera naturalny proces detoksykacji organizmu i poprawia zmys\u0142 smaku.<\/p>\n<p>Po miesi\u0105cu r\u00f3\u017cnica, jak\u0105 poczujesz, b\u0119dzie spektakularna.<\/p>\n","protected":false},"excerpt":{"rendered":"<h3>Odkryj ajurwedyjski czy\u015bcik do j\u0119zyka od <a href=\"https:\/\/getcosmicdealer.com\/\">COSMIC DEALER<\/a>, wykonany z czystej miedzi.<\/h3>\n<p>Ten wysokiej jako\u015bci czy\u015bcik do j\u0119zyka z ozdobnie zaprojektowanymi uchwytami w kszta\u0142cie muszli skutecznie czy\u015bci j\u0119zyk.\u00a0 Po dw\u00f3ch tygodniach jego stosowania zmienisz swoje zdanie na temat tego, jak powinna wygl\u0105da\u0107 higiena jamy ustnej.<\/p>\n<p>OPAKOWANIE \u00b7 Miedziany czy\u015bcik wraz z bawe\u0142nianym, antykurzowym woreczkiem do jego przechowywania.<\/p>\n","protected":false},"featured_media":4200,"comment_status":"open","ping_status":"closed","template":"","meta":[],"product_brand":[],"product_cat":[143],"product_tag":[140],"class_list":{"0":"post-4504","1":"product","2":"type-product","3":"status-publish","4":"has-post-thumbnail","6":"product_cat-uroda-produkty","7":"product_tag-cosmic-dealer-pl","9":"first","10":"instock","11":"taxable","12":"shipping-taxable","13":"purchasable","14":"product-type-simple"},"_links":{"self":[{"href":"https:\/\/9phases.com\/pl\/wp-json\/wp\/v2\/product\/4504","targetHints":{"allow":["GET"]}}],"collection":[{"href":"https:\/\/9phases.com\/pl\/wp-json\/wp\/v2\/product"}],"about":[{"href":"https:\/\/9phases.com\/pl\/wp-json\/wp\/v2\/types\/product"}],"replies":[{"embeddable":true,"href":"https:\/\/9phases.com\/pl\/wp-json\/wp\/v2\/comments?post=4504"}],"wp:featuredmedia":[{"embeddable":true,"href":"https:\/\/9phases.com\/pl\/wp-json\/wp\/v2\/media\/4200"}],"wp:attachment":[{"href":"https:\/\/9phases.com\/pl\/wp-json\/wp\/v2\/media?parent=4504"}],"wp:term":[{"taxonomy":"product_brand","embeddable":true,"href":"https:\/\/9phases.com\/pl\/wp-json\/wp\/v2\/product_brand?post=4504"},{"taxonomy":"product_cat","embeddable":true,"href":"https:\/\/9phases.com\/pl\/wp-json\/wp\/v2\/product_cat?post=4504"},{"taxonomy":"product_tag","embeddable":true,"href":"https:\/\/9phases.com\/pl\/wp-json\/wp\/v2\/product_tag?post=4504"}],"curies":[{"name":"wp","href":"https:\/\/api.w.org\/{rel}","templated":true}]}}