{"id":4506,"date":"2023-10-12T15:44:13","date_gmt":"2023-10-12T13:44:13","guid":{"rendered":"https:\/\/9phases.com\/eukaliptus-z-biala-szalwia\/"},"modified":"2024-08-21T14:34:16","modified_gmt":"2024-08-21T12:34:16","slug":"eukaliptus-z-biala-szalwia","status":"publish","type":"product","link":"https:\/\/9phases.com\/pl\/eukaliptus-z-biala-szalwia\/","title":{"rendered":"EUKALIPTUS | BIA\u0141A SZA\u0141WIA"},"content":{"rendered":"<p>UZDROWIENIE | LEKKO\u015a\u0106 | R\u00d3WNOWAGA<\/p>\n<p> Drzewo eukaliptusa symbolizuje si\u0142\u0119 i odporno\u015b\u0107 na \u017cyciowe wyzwania. T\u0105 wytrwa\u0142\u0105 ro\u015blin\u0119 trudno zaskoczy\u0107. Przetrwa\u0142a po\u017cary, d\u0142ugotrwa\u0142e susze i ogromne powodzie. Przyroda zaprojektowa\u0142a j\u0105 by by\u0142a nieust\u0119pliwa i z gracj\u0105 pokonywa\u0142a to, co przynosi jej los. Je\u015bli poprosimy przeka\u017ce nam swoj\u0105 magi\u0119 i obdarzy wytrwa\u0142o\u015bci\u0105.<\/p>\n<p> S\u0142u\u017cy jako kotwica, zapewniaj\u0105ca poczucie r\u00f3wnowagi podczas najgwa\u0142towniejszych \u017cyciowych burz. Jego zapach ma dzia\u0142anie uspokajaj\u0105ce i uzdrawiaj\u0105ce nasz\u0105 energi\u0119. Jego dym otula Ci\u0119 niewidocznie, przynosz\u0105c poczucie ulgi i wyciszenia.<\/p>\n","protected":false},"excerpt":{"rendered":"<p>Kadzid\u0142o Eukaliptusa to koj\u0105cy balsam dla Twojego umys\u0142u, cia\u0142a i duszy.<\/p>\n<p> Jego zapach ma dzia\u0142anie uspokajaj\u0105ce. \u0141agodzi napi\u0119cia i chroni Twoj\u0105 aur\u0119. Aby zwi\u0119kszy\u0107 moc rytua\u0142u okadzania po\u0142\u0105czyli\u015bmy Eukaliptus z Bia\u0142\u0105 Sza\u0142wi\u0105, kt\u00f3ra doskonale oczyszcza energia i wspiera wyciszenie. To doskona\u0142e kadzid\u0142o, gdy potrzebujesz si\u0119 poczu\u0107 lepiej i l\u017cej. <\/p>\n<p style=\"text-align: left;\">OPAKOWANIE \u00b7 Ka\u017cde opakowanie zawiera dwie r\u0119cznie zwini\u0119te mieszanki<a href=\"https:\/\/en.wikipedia.org\/wiki\/Eucalyptus\"> Eukaliptusa i<\/a> <a href=\"https:\/\/9phases.com\/white-sage\/\">Bia\u0142ej Sza\u0142wii.<\/a><\/p>\n<p>POCHODZENIE \u00b7 Uprawiane w spos\u00f3b zr\u00f3wnowa\u017cony i suszone na s\u0142o\u0144cu w Kalifornii.<\/p>\n","protected":false},"featured_media":6469,"comment_status":"open","ping_status":"closed","template":"","meta":[],"product_brand":[],"product_cat":[209,139,95],"product_tag":[233],"class_list":{"0":"post-4506","1":"product","2":"type-product","3":"status-publish","4":"has-post-thumbnail","6":"product_cat-bez-kategorii-pl","7":"product_cat-spokoj-produkty","8":"product_cat-kadzidla-produkty","9":"product_tag-9phases-pl","11":"first","12":"instock","13":"taxable","14":"shipping-taxable","15":"purchasable","16":"product-type-simple"},"_links":{"self":[{"href":"https:\/\/9phases.com\/pl\/wp-json\/wp\/v2\/product\/4506","targetHints":{"allow":["GET"]}}],"collection":[{"href":"https:\/\/9phases.com\/pl\/wp-json\/wp\/v2\/product"}],"about":[{"href":"https:\/\/9phases.com\/pl\/wp-json\/wp\/v2\/types\/product"}],"replies":[{"embeddable":true,"href":"https:\/\/9phases.com\/pl\/wp-json\/wp\/v2\/comments?post=4506"}],"wp:featuredmedia":[{"embeddable":true,"href":"https:\/\/9phases.com\/pl\/wp-json\/wp\/v2\/media\/6469"}],"wp:attachment":[{"href":"https:\/\/9phases.com\/pl\/wp-json\/wp\/v2\/media?parent=4506"}],"wp:term":[{"taxonomy":"product_brand","embeddable":true,"href":"https:\/\/9phases.com\/pl\/wp-json\/wp\/v2\/product_brand?post=4506"},{"taxonomy":"product_cat","embeddable":true,"href":"https:\/\/9phases.com\/pl\/wp-json\/wp\/v2\/product_cat?post=4506"},{"taxonomy":"product_tag","embeddable":true,"href":"https:\/\/9phases.com\/pl\/wp-json\/wp\/v2\/product_tag?post=4506"}],"curies":[{"name":"wp","href":"https:\/\/api.w.org\/{rel}","templated":true}]}}