{"id":5573,"date":"2024-08-15T10:18:31","date_gmt":"2024-08-15T08:18:31","guid":{"rendered":"https:\/\/9phases.com\/?post_type=product&#038;p=5573"},"modified":"2024-09-04T17:01:09","modified_gmt":"2024-09-04T15:01:09","slug":"kwarc-rozowy-kula-copy-2","status":"publish","type":"product","link":"https:\/\/9phases.com\/pl\/kwarc-rozowy-kula-copy-2\/","title":{"rendered":"AMETYST CUT POINT"},"content":{"rendered":"<p>KAMIE\u0143 DUCHOWEGO DOBROSTANU<\/p>\n<p>Urzekaj\u0105cy fiolet Ametystu to odcie\u0144 duchowego o\u015bwiecenia i jedno\u015bci z wy\u017cszym Ja. Wspiera on nasz m\u00f3zg w funkcjonowaniu na falach alfa, kt\u00f3re wprawiaj\u0105 nas w stan relaksu i sprawiaj\u0105, \u017ce nasz umys\u0142 wycisza si\u0119 i nie koncentruje si\u0119 na \u017cadnych bod\u017acach ze \u015bwiata zewn\u0119trznego. Dzi\u0119ki temu Ametyst to doskona\u0142y kamie\u0144 do medytacji, kt\u00f3ry pozwala nam skupi\u0107 si\u0119 na naszym \u015bwiecie wewn\u0119trznym.<\/p>\n<p>Ametyst to nie kamie\u0144, kt\u00f3ry stawiasz na biurku, by da\u0142 Ci si\u0142\u0119 do wyt\u0119\u017conej pracy; to kryszta\u0142, kt\u00f3ry trzymasz w r\u0119ku, gdy chcesz wyciszy\u0107 sw\u00f3j umys\u0142 i poczu\u0107 jak synchronizuje si\u0119 on z Twoj\u0105 dusz\u0105. U\u017cywaj go cz\u0119sto i pozw\u00f3l, aby pom\u00f3g\u0142 ci zaprzyja\u017ani\u0107 si\u0119 z Twoim wy\u017cszym Ja.<\/p>\n<p>Wszystkie kryszta\u0142y, kt\u00f3re oferujemy, s\u0105 przed wysy\u0142k\u0105 starannie oczyszczane energetycznie, a nast\u0119pnie odpowiednio na\u0142adowane energi\u0105, by\u015b m\u00f3g\u0142 w pe\u0142ni cieszy\u0107 si\u0119 ich w\u0142a\u015bciwo\u015bciami.<\/p>\n","protected":false},"excerpt":{"rendered":"<h3>Ametyst uspokaja umys\u0142 i wzmacnia intuicj\u0119. Pomaga us\u0142ysze\u0107 Ci Tw\u00f3j wewn\u0119trzny g\u0142os. Wycisza my\u015bli i od\u017cywia dusz\u0119.<\/h3>\n<p>POCHODZENIE \u00b7 Brazylia<\/p>\n<p>ROZMIAR \u00b7 oko\u0142o 2 &#8211; 3 cm szeroko\u015bci; 6 &#8211; 7 cm d\u0142ugo\u015bci<\/p>\n<p>WAGA \u00b7 oko\u0142o 45-75 gram<\/p>\n<p>Pami\u0119taj, \u017ce ka\u017cdy kamie\u0144 jest wyj\u0105tkowy i mo\u017ce r\u00f3\u017cni\u0107 si\u0119 kszta\u0142tem i rozmiarem.<\/p>\n<p>&nbsp;<\/p>\n<p>&nbsp;<\/p>\n","protected":false},"featured_media":5833,"comment_status":"open","ping_status":"closed","template":"","meta":[],"product_brand":[],"product_cat":[94,135],"product_tag":[233],"class_list":{"0":"post-5573","1":"product","2":"type-product","3":"status-publish","4":"has-post-thumbnail","6":"product_cat-krysztaly-produkty","7":"product_cat-sen-medytacja-produkty-pl","8":"product_tag-9phases-pl","10":"first","11":"instock","12":"taxable","13":"shipping-taxable","14":"purchasable","15":"product-type-simple"},"_links":{"self":[{"href":"https:\/\/9phases.com\/pl\/wp-json\/wp\/v2\/product\/5573","targetHints":{"allow":["GET"]}}],"collection":[{"href":"https:\/\/9phases.com\/pl\/wp-json\/wp\/v2\/product"}],"about":[{"href":"https:\/\/9phases.com\/pl\/wp-json\/wp\/v2\/types\/product"}],"replies":[{"embeddable":true,"href":"https:\/\/9phases.com\/pl\/wp-json\/wp\/v2\/comments?post=5573"}],"wp:featuredmedia":[{"embeddable":true,"href":"https:\/\/9phases.com\/pl\/wp-json\/wp\/v2\/media\/5833"}],"wp:attachment":[{"href":"https:\/\/9phases.com\/pl\/wp-json\/wp\/v2\/media?parent=5573"}],"wp:term":[{"taxonomy":"product_brand","embeddable":true,"href":"https:\/\/9phases.com\/pl\/wp-json\/wp\/v2\/product_brand?post=5573"},{"taxonomy":"product_cat","embeddable":true,"href":"https:\/\/9phases.com\/pl\/wp-json\/wp\/v2\/product_cat?post=5573"},{"taxonomy":"product_tag","embeddable":true,"href":"https:\/\/9phases.com\/pl\/wp-json\/wp\/v2\/product_tag?post=5573"}],"curies":[{"name":"wp","href":"https:\/\/api.w.org\/{rel}","templated":true}]}}