{"id":5588,"date":"2024-08-16T14:27:57","date_gmt":"2024-08-16T12:27:57","guid":{"rendered":"https:\/\/9phases.com\/?post_type=product&#038;p=5588"},"modified":"2024-09-04T15:22:08","modified_gmt":"2024-09-04T13:22:08","slug":"kula-selenit-copy","status":"publish","type":"product","link":"https:\/\/9phases.com\/pl\/kula-selenit-copy\/","title":{"rendered":"BIA\u0141Y KALCYT ZESTAW"},"content":{"rendered":"<p>KAMIE\u0143 NOWYCH POCZ\u0104TK\u00d3W<\/p>\n<p>Bia\u0142y Kalcyt sprzyja wprowadzaniu zmian w \u017cyciu i dodaje Ci niezb\u0119dnej motywacji do realizacji marze\u0144. Pomaga oczy\u015bci\u0107 umys\u0142 ze zbytecznych my\u015bli i zyska\u0107 now\u0105, \u015bwie\u017c\u0105 perspektyw\u0119.<\/p>\n<p>Umie\u015b\u0107 go w misce lub na paterze i postaw w miejscu gdzie sp\u0119dzasz du\u017co czasu &#8211; w salonie, w biurze lub kuchni.<\/p>\n<p>Poczuj swobodny przep\u0142yw energii, kt\u00f3ry wspiera Bia\u0142y Kalcyt, i pami\u0119taj\u2014gdy stare wibracje znikaj\u0105, co\u015b lub kto\u015b nowego na pewno pojawi si\u0119 w Twoim \u017cyciu.<\/p>\n<p>Wszystkie kryszta\u0142y, kt\u00f3re oferujemy, s\u0105 przed wysy\u0142k\u0105 starannie oczyszczane energetycznie, a nast\u0119pnie odpowiednio na\u0142adowane energi\u0105, by\u015b m\u00f3g\u0142 w pe\u0142ni cieszy\u0107 si\u0119 ich w\u0142a\u015bciwo\u015bciami.<\/p>\n","protected":false},"excerpt":{"rendered":"<h3>Bia\u0142y Kalcyt to kamie\u0144 energetycznych porz\u0105dk\u00f3w. Pomaga usun\u0105\u0107 blokady energetyczne, wprowadza w ruch zasta\u0142\u0105 energi\u0119 i wzmacnia pozytywne wibracje. <\/h3>\n<p>POCHODZENIE \u00b7 Chiny<\/p>\n<p>ROZMIAR \u00b7 Ka\u017cdy zestaw zawiera 7 wypolerowanych blok\u00f3w kryszta\u0142\u00f3w, szacunkowy wymiar ka\u017cdego kryszta\u0142u to: szeroko\u015b\u0107 3 \u2013 5 cm , wysoko\u015b\u0107 4 \u2013 5 cm<\/p>\n<p>WAGA \u00b7 Oko\u0142o 500 &#8211; 700 g<\/p>\n<p>Pami\u0119taj, \u017ce ka\u017cdy kamie\u0144 jest wyj\u0105tkowy i mo\u017ce r\u00f3\u017cni\u0107 si\u0119 kszta\u0142tem i rozmiarem.<\/p>\n","protected":false},"featured_media":5876,"comment_status":"open","ping_status":"closed","template":"","meta":[],"product_brand":[],"product_cat":[94,101],"product_tag":[233],"class_list":{"0":"post-5588","1":"product","2":"type-product","3":"status-publish","4":"has-post-thumbnail","6":"product_cat-krysztaly-produkty","7":"product_cat-nowy-poczatek-produkty","8":"product_tag-9phases-pl","10":"first","11":"instock","12":"taxable","13":"shipping-taxable","14":"purchasable","15":"product-type-simple"},"_links":{"self":[{"href":"https:\/\/9phases.com\/pl\/wp-json\/wp\/v2\/product\/5588","targetHints":{"allow":["GET"]}}],"collection":[{"href":"https:\/\/9phases.com\/pl\/wp-json\/wp\/v2\/product"}],"about":[{"href":"https:\/\/9phases.com\/pl\/wp-json\/wp\/v2\/types\/product"}],"replies":[{"embeddable":true,"href":"https:\/\/9phases.com\/pl\/wp-json\/wp\/v2\/comments?post=5588"}],"wp:featuredmedia":[{"embeddable":true,"href":"https:\/\/9phases.com\/pl\/wp-json\/wp\/v2\/media\/5876"}],"wp:attachment":[{"href":"https:\/\/9phases.com\/pl\/wp-json\/wp\/v2\/media?parent=5588"}],"wp:term":[{"taxonomy":"product_brand","embeddable":true,"href":"https:\/\/9phases.com\/pl\/wp-json\/wp\/v2\/product_brand?post=5588"},{"taxonomy":"product_cat","embeddable":true,"href":"https:\/\/9phases.com\/pl\/wp-json\/wp\/v2\/product_cat?post=5588"},{"taxonomy":"product_tag","embeddable":true,"href":"https:\/\/9phases.com\/pl\/wp-json\/wp\/v2\/product_tag?post=5588"}],"curies":[{"name":"wp","href":"https:\/\/api.w.org\/{rel}","templated":true}]}}